{"id":5632,"date":"2024-01-09T21:31:06","date_gmt":"2024-01-09T20:31:06","guid":{"rendered":"https:\/\/onlinepeople.info\/?page_id=5632"},"modified":"2024-01-09T21:31:06","modified_gmt":"2024-01-09T20:31:06","slug":"termini-e-condizioni","status":"publish","type":"page","link":"https:\/\/onlinepeople.info\/index.php\/termini-e-condizioni\/","title":{"rendered":"Termini e condizioni"},"content":{"rendered":"\n<p>Termini e condizioni per la prenotazione dei servizi di consulenza di https:\/\/onlinepeople.info.<\/p>\n\n\n\n<p>1. Introduzione<br>Questo documento descrive i termini e le condizioni che regolano la prenotazione dei servizi di consulenza offerti da https:\/\/onlinepeople.info. Prima di procedere alla prenotazione, ti chiediamo di leggere attentamente questi termini e condizioni.<\/p>\n\n\n\n<p>2. Servizi offerti<br>https:\/\/onlinepeople.info offre servizi di consulenza in vari settori, tra cui il coaching, la formazione professionale e lo sviluppo personale. Tutti i servizi vengono offerti a discrezione della societ\u00e0 e possono essere soggetti a variazioni o annullamenti in qualsiasi momento.<\/p>\n\n\n\n<p>3. Prenotazione dei servizi<br>La prenotazione dei servizi di consulenza pu\u00f2 essere effettuata attraverso il sito web https:\/\/onlinepeople.info. Per prenotare un servizio, devi fornire i tuoi dati personali e accettare i presenti termini e condizioni. Ti chiediamo di fornire informazioni accurate e complete durante la prenotazione.<\/p>\n\n\n\n<p>4. Costi e pagamenti<br>Il costo dei servizi di consulenza \u00e8 indicato sul sito web https:\/\/onlinepeople.info al momento della prenotazione. I pagamenti possono essere effettuati attraverso carte di credito\/debito o altri metodi di pagamento online accettati dalla societ\u00e0. La societ\u00e0 si riserva il diritto di modificare i prezzi dei servizi in qualsiasi momento.<\/p>\n\n\n\n<p>5. Cancellazioni e rimborsi<br>Le cancellazioni dei servizi di consulenza devono essere effettuate almeno 24 ore prima dell&#8217;inizio del servizio. In caso di cancellazione tardiva, il costo del servizio non sar\u00e0 rimborsato. In caso di annullamento del servizio da parte della societ\u00e0, il cliente ricever\u00e0 un rimborso completo.<\/p>\n\n\n\n<p>6. Propriet\u00e0 intellettuale<br>Tutti i contenuti presenti sul sito web https:\/\/onlinepeople.info, inclusi testi, immagini, grafica e design, sono di propriet\u00e0 della societ\u00e0 e sono protetti dalle leggi sul diritto d&#8217;autore. L&#8217;utilizzo non autorizzato dei contenuti \u00e8 vietato.<\/p>\n\n\n\n<p>7. Riservatezza e protezione dei dati<br>La societ\u00e0 si impegna a proteggere la privacy dei clienti e dei visitatori del sito web https:\/\/onlinepeople.info. Tutte le informazioni personali fornite durante la prenotazione dei servizi saranno trattate in conformit\u00e0 con la nostra politica sulla privacy.<\/p>\n\n\n\n<p>8. Limitazione di responsabilit\u00e0<br>La societ\u00e0 non si assume alcuna responsabilit\u00e0 per eventuali danni o perdite dirette o indirette causate dall&#8217;utilizzo dei suoi servizi di consulenza. La societ\u00e0 non garantisce che i servizi forniti soddisfino le esigenze del cliente.<\/p>\n\n\n\n<p>9. Modifiche ai termini e alle condizioni<br>La societ\u00e0 si riserva il diritto di modificare questi termini e condizioni in qualsiasi momento. Ti invitiamo a controllare regolarmente queste informazioni.<\/p>\n\n\n\n<p>10. Legge applicabile e giurisdizione<br>Questi termini e condizioni sono regolati dalla legge italiana. In caso di controversie, la giurisdizione competente sar\u00e0 quella italiana.<\/p>\n\n\n\n<p>11. Contatti<br>Per qualsiasi domanda o richiesta relativa ai nostri servizi, puoi contattare la societ\u00e0 attraverso il sito web https:\/\/onlinepeople.info.<\/p>\n","protected":false},"excerpt":{"rendered":"<p>Termini e condizioni per la prenotazione dei servizi di consulenza di https:\/\/onlinepeople.info. 1. IntroduzioneQuesto documento descrive i termini e le condizioni che regolano la prenotazione dei servizi di consulenza offerti da https:\/\/onlinepeople.info. Prima di procedere alla prenotazione, ti chiediamo di leggere attentamente questi termini e condizioni. 2. Servizi offertihttps:\/\/onlinepeople.info offre servizi di consulenza in vari [&hellip;]<\/p>\n","protected":false},"author":1,"featured_media":0,"parent":0,"menu_order":0,"comment_status":"closed","ping_status":"closed","template":"","meta":{"_et_pb_use_builder":"","_et_pb_old_content":"","_et_gb_content_width":"","footnotes":""},"class_list":["post-5632","page","type-page","status-publish","hentry"],"_hostinger_reach_plugin_has_subscription_block":false,"_hostinger_reach_plugin_is_elementor":false,"_links":{"self":[{"href":"https:\/\/onlinepeople.info\/index.php\/wp-json\/wp\/v2\/pages\/5632","targetHints":{"allow":["GET"]}}],"collection":[{"href":"https:\/\/onlinepeople.info\/index.php\/wp-json\/wp\/v2\/pages"}],"about":[{"href":"https:\/\/onlinepeople.info\/index.php\/wp-json\/wp\/v2\/types\/page"}],"author":[{"embeddable":true,"href":"https:\/\/onlinepeople.info\/index.php\/wp-json\/wp\/v2\/users\/1"}],"replies":[{"embeddable":true,"href":"https:\/\/onlinepeople.info\/index.php\/wp-json\/wp\/v2\/comments?post=5632"}],"version-history":[{"count":1,"href":"https:\/\/onlinepeople.info\/index.php\/wp-json\/wp\/v2\/pages\/5632\/revisions"}],"predecessor-version":[{"id":5633,"href":"https:\/\/onlinepeople.info\/index.php\/wp-json\/wp\/v2\/pages\/5632\/revisions\/5633"}],"wp:attachment":[{"href":"https:\/\/onlinepeople.info\/index.php\/wp-json\/wp\/v2\/media?parent=5632"}],"curies":[{"name":"wp","href":"https:\/\/api.w.org\/{rel}","templated":true}]}}